{"id":32,"date":"2016-01-04T10:15:28","date_gmt":"2016-01-04T10:15:28","guid":{"rendered":"http:\/\/artday-wp.wossthemes.com\/?page_id=32"},"modified":"2026-04-17T12:27:24","modified_gmt":"2026-04-17T12:27:24","slug":"biografia","status":"publish","type":"page","link":"https:\/\/www.mariodaviterbo.com\/en\/biografia\/","title":{"rendered":"Biography"},"content":{"rendered":"<div class=\"wpb-content-wrapper\"><div class=\"vc_row wpb_row vc_row-fluid vc_row-o-content-top vc_row-flex\"><div class=\"wpb_column vc_column_container vc_col-sm-12\"><div class=\"vc_column-inner\"><div class=\"wpb_wrapper\">\t<!-- Process -->\n\t\t\t<div class=\"row vertical-align\">\n\t\t\t\t<div class=\"col-sm-6\" data-sr=\"wait 0.1s, ease-in 20px\">\n\t\t\t\t\t<h3 class=\"ws-heading\">Chi sono<\/h3>\n\t\t\t\t\t<div class=\"ws-footer-separator\"><\/div>\n<p data-start=\"0\" data-end=\"332\"><strong data-start=\"0\" data-end=\"8\">Nato<\/strong> a <strong data-start=\"11\" data-end=\"22\">Viterbo<\/strong> nel <strong data-start=\"27\" data-end=\"35\" data-is-only-node=\"\">1959<\/strong>, all\u2019et\u00e0 di quattro anni si trasfer\u00ec con la famiglia a <strong data-start=\"91\" data-end=\"102\">Chicago<\/strong>. Fin da giovane coltiv\u00f2 una forte passione per l\u2019<strong data-start=\"152\" data-end=\"160\">arte<\/strong> e sognava di diventare <strong data-start=\"184\" data-end=\"207\">illustratore medico<\/strong>. Studi\u00f2 <strong data-start=\"216\" data-end=\"224\">arte<\/strong> e <strong data-start=\"227\" data-end=\"238\">pittura<\/strong> e consegu\u00ec successivamente un <strong data-start=\"269\" data-end=\"298\">dottorato in chiropratica<\/strong> a <strong data-start=\"301\" data-end=\"312\">Lombard<\/strong>, nell\u2019<strong data-start=\"319\" data-end=\"331\">Illinois<\/strong>.<\/p>\n<p data-start=\"334\" data-end=\"663\">Nel <strong data-start=\"338\" data-end=\"346\">1987<\/strong> fece ritorno in <strong data-start=\"363\" data-end=\"373\">Italia<\/strong> con l\u2019obiettivo di introdurre e sviluppare la <strong data-start=\"420\" data-end=\"448\">professione chiropratica<\/strong> a <strong data-start=\"451\" data-end=\"462\">Viterbo<\/strong>, continuando parallelamente a dedicarsi al <strong data-start=\"506\" data-end=\"517\">disegno<\/strong>, alla <strong data-start=\"524\" data-end=\"535\">pittura<\/strong> e alla <strong data-start=\"543\" data-end=\"563\">storia dell\u2019arte<\/strong>. Trascorse inoltre un anno lavorativo in <strong data-start=\"605\" data-end=\"618\">Australia<\/strong>, per poi rientrare nuovamente a <strong data-start=\"651\" data-end=\"662\">Viterbo<\/strong>.<\/p>\n<p data-start=\"665\" data-end=\"817\" data-is-last-node=\"\" data-is-only-node=\"\">\u00c8 attualmente <strong data-start=\"679\" data-end=\"697\">vicepresidente<\/strong> dell\u2019<strong data-start=\"703\" data-end=\"730\">Associazione Terre Rare<\/strong>, impegnata nella promozione dell\u2019<strong data-start=\"764\" data-end=\"772\">arte<\/strong> e degli <strong data-start=\"781\" data-end=\"799\">artisti locali<\/strong> nella <strong data-start=\"806\" data-end=\"816\">Tuscia<\/strong>.<\/p>\n<p>\n\t\t\t\t<\/div>\n\n\t\t\t\t<div class=\"col-sm-6\">\n\t\t\t\t\t<img decoding=\"async\" src=\"https:\/\/www.mariodaviterbo.com\/wp-content\/uploads\/2026\/01\/aleksandra-sapozhnikova-RWxGAK0QkEA-unsplash-scaled.jpg\" alt=\"Chi sono\" class=\"img-responsive\" \/>\n\t\t\t\t<\/div>\n\t\t\t<\/div><\/div><\/div><\/div><\/div><div class=\"vc_row wpb_row vc_row-fluid\"><div class=\"wpb_column vc_column_container vc_col-sm-12\"><div class=\"vc_column-inner\"><div class=\"wpb_wrapper\"><div class=\"vc_empty_space\"   style=\"height: 70px\"><span class=\"vc_empty_space_inner\"><\/span><\/div><div class=\"ws-heading text-center\"><h2>Formazione e Riconoscimenti<\/h2><div class=\"ws-separator\"><\/div><\/div>\n\t<div class=\"wpb_text_column wpb_content_element\" >\n\t\t<div class=\"wpb_wrapper\">\n\t\t\t<p style=\"text-align: center;\" data-path-to-node=\"2\">Il percorso artistico di Mario si radica nella solida tradizione accademica statunitense. Tra il 1977 e il 1979 frequenta il <b data-path-to-node=\"2\" data-index-in-node=\"125\">College of DuPage<\/b> a Glen Ellyn, Illinois, immergendosi nello studio delle <b data-path-to-node=\"2\" data-index-in-node=\"199\">Graphic Arts<\/b>, dove sviluppa una precisione tecnica e una sensibilit\u00e0 per la composizione che caratterizzeranno tutta la sua produzione successiva.<\/p>\n<p style=\"text-align: center;\" data-path-to-node=\"3\">Il perfezionamento avviene alla <b data-path-to-node=\"3\" data-index-in-node=\"32\">American Academy of Art di Chicago<\/b> (1980-1982), istituzione storica nota per aver formato alcuni dei pi\u00f9 grandi illustratori e pittori americani. In questo contesto d&#8217;eccellenza, Mario ha il privilegio di studiare l&#8217;acquerello con <b data-path-to-node=\"3\" data-index-in-node=\"263\">Irving Shapiro<\/b>, allora direttore dell&#8217;accademia e figura di riferimento dell&#8217;acquerellismo internazionale, e di affinare la tecnica del pastello e del <b data-path-to-node=\"3\" data-index-in-node=\"414\">Life Drawing<\/b> (disegno dal vero) con <b data-path-to-node=\"3\" data-index-in-node=\"450\">Mary Berlanga<\/b>. Questa formazione d&#8217;oltreoceano gli ha permesso di acquisire un controllo rigoroso del segno e della luce, elementi che oggi definiscono la sua maestria nei ritratti e nei paesaggi.<\/p>\n\n\t\t<\/div>\n\t<\/div>\n<div class=\"vc_btn3-container  wpb_animate_when_almost_visible wpb_bounceIn bounceIn vc_btn3-center vc_custom_1768160391999 vc_do_btn\" ><a class=\"vc_general vc_btn3 vc_btn3-size-lg vc_btn3-shape-square vc_btn3-style-flat vc_btn3-icon-left vc_btn3-color-default\" href=\"https:\/\/www.mariodaviterbo.com\/en\/opere\/\" title=\"Works\"><i class=\"vc_btn3-icon fas fa-palette\"><\/i> Scopri le Opere<\/a><\/div><\/div><\/div><\/div><\/div><div class=\"vc_row wpb_row vc_row-fluid\"><div class=\"wpb_column vc_column_container vc_col-sm-12\"><div class=\"vc_column-inner vc_custom_1767981154103\"><div class=\"wpb_wrapper\"><div class=\"wpb_gallery wpb_content_element vc_clearfix wpb_content_element\" ><div class=\"wpb_wrapper\"><div class=\"wpb_gallery_slides wpb_flexslider flexslider_fade flexslider\" data-interval=\"3\" data-flex_fx=\"fade\"><ul class=\"slides\"><li><a class=\"\" href=\"https:\/\/www.mariodaviterbo.com\/wp-content\/uploads\/2026\/01\/suzanna-1-1024x1024.png\" data-lightbox=\"lightbox[rel-32-763295004]\"><img loading=\"lazy\" decoding=\"async\" width=\"640\" height=\"640\" src=\"https:\/\/www.mariodaviterbo.com\/wp-content\/uploads\/2026\/01\/suzanna-1-1024x1024.png\" class=\"attachment-large\" alt=\"\" title=\"suzanna\" srcset=\"https:\/\/www.mariodaviterbo.com\/wp-content\/uploads\/2026\/01\/suzanna-1-1024x1024.png 1024w, https:\/\/www.mariodaviterbo.com\/wp-content\/uploads\/2026\/01\/suzanna-1-300x300.png 300w, https:\/\/www.mariodaviterbo.com\/wp-content\/uploads\/2026\/01\/suzanna-1-150x150.png 150w, https:\/\/www.mariodaviterbo.com\/wp-content\/uploads\/2026\/01\/suzanna-1-768x768.png 768w, https:\/\/www.mariodaviterbo.com\/wp-content\/uploads\/2026\/01\/suzanna-1-1536x1536.png 1536w, https:\/\/www.mariodaviterbo.com\/wp-content\/uploads\/2026\/01\/suzanna-1-12x12.png 12w, https:\/\/www.mariodaviterbo.com\/wp-content\/uploads\/2026\/01\/suzanna-1-600x600.png 600w, https:\/\/www.mariodaviterbo.com\/wp-content\/uploads\/2026\/01\/suzanna-1-100x100.png 100w, https:\/\/www.mariodaviterbo.com\/wp-content\/uploads\/2026\/01\/suzanna-1.png 2000w\" sizes=\"auto, (max-width: 640px) 100vw, 640px\" \/><\/a><\/li><li><a class=\"\" href=\"https:\/\/www.mariodaviterbo.com\/wp-content\/uploads\/2026\/01\/oliveto-2-1-1024x1024.png\" data-lightbox=\"lightbox[rel-32-763295004]\"><img loading=\"lazy\" decoding=\"async\" width=\"640\" height=\"640\" src=\"https:\/\/www.mariodaviterbo.com\/wp-content\/uploads\/2026\/01\/oliveto-2-1-1024x1024.png\" class=\"attachment-large\" alt=\"\" title=\"oliveto 2\" srcset=\"https:\/\/www.mariodaviterbo.com\/wp-content\/uploads\/2026\/01\/oliveto-2-1-1024x1024.png 1024w, https:\/\/www.mariodaviterbo.com\/wp-content\/uploads\/2026\/01\/oliveto-2-1-300x300.png 300w, https:\/\/www.mariodaviterbo.com\/wp-content\/uploads\/2026\/01\/oliveto-2-1-150x150.png 150w, https:\/\/www.mariodaviterbo.com\/wp-content\/uploads\/2026\/01\/oliveto-2-1-768x768.png 768w, https:\/\/www.mariodaviterbo.com\/wp-content\/uploads\/2026\/01\/oliveto-2-1-1536x1536.png 1536w, https:\/\/www.mariodaviterbo.com\/wp-content\/uploads\/2026\/01\/oliveto-2-1-12x12.png 12w, https:\/\/www.mariodaviterbo.com\/wp-content\/uploads\/2026\/01\/oliveto-2-1-600x600.png 600w, https:\/\/www.mariodaviterbo.com\/wp-content\/uploads\/2026\/01\/oliveto-2-1-100x100.png 100w, https:\/\/www.mariodaviterbo.com\/wp-content\/uploads\/2026\/01\/oliveto-2-1.png 2000w\" sizes=\"auto, (max-width: 640px) 100vw, 640px\" \/><\/a><\/li><li><a class=\"\" href=\"https:\/\/www.mariodaviterbo.com\/wp-content\/uploads\/2026\/01\/cinzia-1-1024x1024.png\" data-lightbox=\"lightbox[rel-32-763295004]\"><img loading=\"lazy\" decoding=\"async\" width=\"640\" height=\"640\" src=\"https:\/\/www.mariodaviterbo.com\/wp-content\/uploads\/2026\/01\/cinzia-1-1024x1024.png\" class=\"attachment-large\" alt=\"\" title=\"cinzia\" srcset=\"https:\/\/www.mariodaviterbo.com\/wp-content\/uploads\/2026\/01\/cinzia-1-1024x1024.png 1024w, https:\/\/www.mariodaviterbo.com\/wp-content\/uploads\/2026\/01\/cinzia-1-300x300.png 300w, https:\/\/www.mariodaviterbo.com\/wp-content\/uploads\/2026\/01\/cinzia-1-150x150.png 150w, https:\/\/www.mariodaviterbo.com\/wp-content\/uploads\/2026\/01\/cinzia-1-768x768.png 768w, https:\/\/www.mariodaviterbo.com\/wp-content\/uploads\/2026\/01\/cinzia-1-1536x1536.png 1536w, https:\/\/www.mariodaviterbo.com\/wp-content\/uploads\/2026\/01\/cinzia-1-12x12.png 12w, https:\/\/www.mariodaviterbo.com\/wp-content\/uploads\/2026\/01\/cinzia-1-600x600.png 600w, https:\/\/www.mariodaviterbo.com\/wp-content\/uploads\/2026\/01\/cinzia-1-100x100.png 100w, https:\/\/www.mariodaviterbo.com\/wp-content\/uploads\/2026\/01\/cinzia-1.png 2000w\" sizes=\"auto, (max-width: 640px) 100vw, 640px\" \/><\/a><\/li><li><a class=\"\" href=\"https:\/\/www.mariodaviterbo.com\/wp-content\/uploads\/2026\/01\/orchestra-1-1024x1024.png\" data-lightbox=\"lightbox[rel-32-763295004]\"><img loading=\"lazy\" decoding=\"async\" width=\"640\" height=\"640\" src=\"https:\/\/www.mariodaviterbo.com\/wp-content\/uploads\/2026\/01\/orchestra-1-1024x1024.png\" class=\"attachment-large\" alt=\"\" title=\"orchestra\" srcset=\"https:\/\/www.mariodaviterbo.com\/wp-content\/uploads\/2026\/01\/orchestra-1-1024x1024.png 1024w, https:\/\/www.mariodaviterbo.com\/wp-content\/uploads\/2026\/01\/orchestra-1-300x300.png 300w, https:\/\/www.mariodaviterbo.com\/wp-content\/uploads\/2026\/01\/orchestra-1-150x150.png 150w, https:\/\/www.mariodaviterbo.com\/wp-content\/uploads\/2026\/01\/orchestra-1-768x768.png 768w, https:\/\/www.mariodaviterbo.com\/wp-content\/uploads\/2026\/01\/orchestra-1-1536x1536.png 1536w, https:\/\/www.mariodaviterbo.com\/wp-content\/uploads\/2026\/01\/orchestra-1-12x12.png 12w, https:\/\/www.mariodaviterbo.com\/wp-content\/uploads\/2026\/01\/orchestra-1-600x600.png 600w, https:\/\/www.mariodaviterbo.com\/wp-content\/uploads\/2026\/01\/orchestra-1-100x100.png 100w, https:\/\/www.mariodaviterbo.com\/wp-content\/uploads\/2026\/01\/orchestra-1.png 2000w\" sizes=\"auto, (max-width: 640px) 100vw, 640px\" \/><\/a><\/li><li><a class=\"\" href=\"https:\/\/www.mariodaviterbo.com\/wp-content\/uploads\/2026\/01\/cuban-cigar-roller-1-1024x1024.png\" data-lightbox=\"lightbox[rel-32-763295004]\"><img loading=\"lazy\" decoding=\"async\" width=\"640\" height=\"640\" src=\"https:\/\/www.mariodaviterbo.com\/wp-content\/uploads\/2026\/01\/cuban-cigar-roller-1-1024x1024.png\" class=\"attachment-large\" alt=\"\" title=\"cuban cigar roller\" srcset=\"https:\/\/www.mariodaviterbo.com\/wp-content\/uploads\/2026\/01\/cuban-cigar-roller-1-1024x1024.png 1024w, https:\/\/www.mariodaviterbo.com\/wp-content\/uploads\/2026\/01\/cuban-cigar-roller-1-300x300.png 300w, https:\/\/www.mariodaviterbo.com\/wp-content\/uploads\/2026\/01\/cuban-cigar-roller-1-150x150.png 150w, https:\/\/www.mariodaviterbo.com\/wp-content\/uploads\/2026\/01\/cuban-cigar-roller-1-768x768.png 768w, https:\/\/www.mariodaviterbo.com\/wp-content\/uploads\/2026\/01\/cuban-cigar-roller-1-1536x1536.png 1536w, https:\/\/www.mariodaviterbo.com\/wp-content\/uploads\/2026\/01\/cuban-cigar-roller-1-12x12.png 12w, https:\/\/www.mariodaviterbo.com\/wp-content\/uploads\/2026\/01\/cuban-cigar-roller-1-600x600.png 600w, https:\/\/www.mariodaviterbo.com\/wp-content\/uploads\/2026\/01\/cuban-cigar-roller-1-100x100.png 100w, https:\/\/www.mariodaviterbo.com\/wp-content\/uploads\/2026\/01\/cuban-cigar-roller-1.png 2000w\" sizes=\"auto, (max-width: 640px) 100vw, 640px\" \/><\/a><\/li><li><a class=\"\" href=\"https:\/\/www.mariodaviterbo.com\/wp-content\/uploads\/2026\/01\/valle-di-castel-dasso-1-1-1024x1024.png\" data-lightbox=\"lightbox[rel-32-763295004]\"><img loading=\"lazy\" decoding=\"async\" width=\"640\" height=\"640\" src=\"https:\/\/www.mariodaviterbo.com\/wp-content\/uploads\/2026\/01\/valle-di-castel-dasso-1-1-1024x1024.png\" class=\"attachment-large\" alt=\"\" title=\"valle di castel d&#039;asso 1\" srcset=\"https:\/\/www.mariodaviterbo.com\/wp-content\/uploads\/2026\/01\/valle-di-castel-dasso-1-1-1024x1024.png 1024w, https:\/\/www.mariodaviterbo.com\/wp-content\/uploads\/2026\/01\/valle-di-castel-dasso-1-1-300x300.png 300w, https:\/\/www.mariodaviterbo.com\/wp-content\/uploads\/2026\/01\/valle-di-castel-dasso-1-1-150x150.png 150w, https:\/\/www.mariodaviterbo.com\/wp-content\/uploads\/2026\/01\/valle-di-castel-dasso-1-1-768x768.png 768w, https:\/\/www.mariodaviterbo.com\/wp-content\/uploads\/2026\/01\/valle-di-castel-dasso-1-1-1536x1536.png 1536w, https:\/\/www.mariodaviterbo.com\/wp-content\/uploads\/2026\/01\/valle-di-castel-dasso-1-1-12x12.png 12w, https:\/\/www.mariodaviterbo.com\/wp-content\/uploads\/2026\/01\/valle-di-castel-dasso-1-1-600x600.png 600w, https:\/\/www.mariodaviterbo.com\/wp-content\/uploads\/2026\/01\/valle-di-castel-dasso-1-1-100x100.png 100w, https:\/\/www.mariodaviterbo.com\/wp-content\/uploads\/2026\/01\/valle-di-castel-dasso-1-1.png 2000w\" sizes=\"auto, (max-width: 640px) 100vw, 640px\" \/><\/a><\/li><li><a class=\"\" href=\"https:\/\/www.mariodaviterbo.com\/wp-content\/uploads\/2026\/01\/still-life-2-1-1024x1024.png\" data-lightbox=\"lightbox[rel-32-763295004]\"><img loading=\"lazy\" decoding=\"async\" width=\"640\" height=\"640\" src=\"https:\/\/www.mariodaviterbo.com\/wp-content\/uploads\/2026\/01\/still-life-2-1-1024x1024.png\" class=\"attachment-large\" alt=\"\" title=\"still life 2\" srcset=\"https:\/\/www.mariodaviterbo.com\/wp-content\/uploads\/2026\/01\/still-life-2-1-1024x1024.png 1024w, https:\/\/www.mariodaviterbo.com\/wp-content\/uploads\/2026\/01\/still-life-2-1-300x300.png 300w, https:\/\/www.mariodaviterbo.com\/wp-content\/uploads\/2026\/01\/still-life-2-1-150x150.png 150w, https:\/\/www.mariodaviterbo.com\/wp-content\/uploads\/2026\/01\/still-life-2-1-768x768.png 768w, https:\/\/www.mariodaviterbo.com\/wp-content\/uploads\/2026\/01\/still-life-2-1-1536x1536.png 1536w, https:\/\/www.mariodaviterbo.com\/wp-content\/uploads\/2026\/01\/still-life-2-1-12x12.png 12w, https:\/\/www.mariodaviterbo.com\/wp-content\/uploads\/2026\/01\/still-life-2-1-600x600.png 600w, https:\/\/www.mariodaviterbo.com\/wp-content\/uploads\/2026\/01\/still-life-2-1-100x100.png 100w, https:\/\/www.mariodaviterbo.com\/wp-content\/uploads\/2026\/01\/still-life-2-1.png 2000w\" sizes=\"auto, (max-width: 640px) 100vw, 640px\" \/><\/a><\/li><li><a class=\"\" href=\"https:\/\/www.mariodaviterbo.com\/wp-content\/uploads\/2026\/01\/summer-olivet-1-1-1024x1024.png\" data-lightbox=\"lightbox[rel-32-763295004]\"><img loading=\"lazy\" decoding=\"async\" width=\"640\" height=\"640\" src=\"https:\/\/www.mariodaviterbo.com\/wp-content\/uploads\/2026\/01\/summer-olivet-1-1-1024x1024.png\" class=\"attachment-large\" alt=\"\" title=\"summer olivet 1\" srcset=\"https:\/\/www.mariodaviterbo.com\/wp-content\/uploads\/2026\/01\/summer-olivet-1-1-1024x1024.png 1024w, https:\/\/www.mariodaviterbo.com\/wp-content\/uploads\/2026\/01\/summer-olivet-1-1-300x300.png 300w, https:\/\/www.mariodaviterbo.com\/wp-content\/uploads\/2026\/01\/summer-olivet-1-1-150x150.png 150w, https:\/\/www.mariodaviterbo.com\/wp-content\/uploads\/2026\/01\/summer-olivet-1-1-768x768.png 768w, https:\/\/www.mariodaviterbo.com\/wp-content\/uploads\/2026\/01\/summer-olivet-1-1-1536x1536.png 1536w, https:\/\/www.mariodaviterbo.com\/wp-content\/uploads\/2026\/01\/summer-olivet-1-1-12x12.png 12w, https:\/\/www.mariodaviterbo.com\/wp-content\/uploads\/2026\/01\/summer-olivet-1-1-600x600.png 600w, https:\/\/www.mariodaviterbo.com\/wp-content\/uploads\/2026\/01\/summer-olivet-1-1-100x100.png 100w, https:\/\/www.mariodaviterbo.com\/wp-content\/uploads\/2026\/01\/summer-olivet-1-1.png 2000w\" sizes=\"auto, (max-width: 640px) 100vw, 640px\" \/><\/a><\/li><\/ul><\/div><\/div><\/div><\/div><\/div><\/div><\/div>\n<\/div>","protected":false},"excerpt":{"rendered":"Chi sono Nato a Viterbo nel 1959, all\u2019et\u00e0 di quattro anni si trasfer\u00ec con la famiglia a Chicago. Fin da giovane coltiv\u00f2 una forte passione per l\u2019arte e sognava di diventare illustratore medico. Studi\u00f2 arte e pittura e consegu\u00ec successivamente un dottorato in chiropratica a Lombard, nell\u2019Illinois. Nel 1987 fece ritorno in Italia con l\u2019obiettivo [...]","protected":false},"author":1,"featured_media":0,"parent":0,"menu_order":0,"comment_status":"closed","ping_status":"closed","template":"template-page.php","meta":{"footnotes":""},"class_list":["post-32","page","type-page","status-publish","hentry"],"yoast_head":"<!-- This site is optimized with the Yoast SEO plugin v26.7 - https:\/\/yoast.com\/wordpress\/plugins\/seo\/ -->\n<title>Biografia - Mario da Viterbo<\/title>\n<meta name=\"description\" content=\"Conosci l&#039;uomo dietro l&#039;opera. La formazione, la filosofia e l&#039;evoluzione tecnica di Mario da Viterbo, artista attivo nella Tuscia.\" \/>\n<meta name=\"robots\" content=\"index, follow, max-snippet:-1, max-image-preview:large, max-video-preview:-1\" \/>\n<link rel=\"canonical\" href=\"https:\/\/www.mariodaviterbo.com\/en\/biografia\/\" \/>\n<meta property=\"og:locale\" content=\"en_GB\" \/>\n<meta property=\"og:type\" content=\"article\" \/>\n<meta property=\"og:title\" content=\"Biografia - Mario da Viterbo\" \/>\n<meta property=\"og:description\" content=\"Conosci l&#039;uomo dietro l&#039;opera. La formazione, la filosofia e l&#039;evoluzione tecnica di Mario da Viterbo, artista attivo nella Tuscia.\" \/>\n<meta property=\"og:url\" content=\"https:\/\/www.mariodaviterbo.com\/en\/biografia\/\" \/>\n<meta property=\"og:site_name\" content=\"Mario da Viterbo\" \/>\n<meta property=\"article:modified_time\" content=\"2026-04-17T12:27:24+00:00\" \/>\n<meta name=\"twitter:card\" content=\"summary_large_image\" \/>\n<meta name=\"twitter:label1\" content=\"Estimated reading time\" \/>\n\t<meta name=\"twitter:data1\" content=\"2 minutes\" \/>\n<script type=\"application\/ld+json\" class=\"yoast-schema-graph\">{\"@context\":\"https:\/\/schema.org\",\"@graph\":[{\"@type\":\"WebPage\",\"@id\":\"https:\/\/www.mariodaviterbo.com\/biografia\/\",\"url\":\"https:\/\/www.mariodaviterbo.com\/biografia\/\",\"name\":\"Biografia - Mario da Viterbo\",\"isPartOf\":{\"@id\":\"https:\/\/www.mariodaviterbo.com\/#website\"},\"datePublished\":\"2016-01-04T10:15:28+00:00\",\"dateModified\":\"2026-04-17T12:27:24+00:00\",\"description\":\"Conosci l'uomo dietro l'opera. La formazione, la filosofia e l'evoluzione tecnica di Mario da Viterbo, artista attivo nella Tuscia.\",\"breadcrumb\":{\"@id\":\"https:\/\/www.mariodaviterbo.com\/biografia\/#breadcrumb\"},\"inLanguage\":\"en-GB\",\"potentialAction\":[{\"@type\":\"ReadAction\",\"target\":[\"https:\/\/www.mariodaviterbo.com\/biografia\/\"]}]},{\"@type\":\"BreadcrumbList\",\"@id\":\"https:\/\/www.mariodaviterbo.com\/biografia\/#breadcrumb\",\"itemListElement\":[{\"@type\":\"ListItem\",\"position\":1,\"name\":\"Home\",\"item\":\"https:\/\/www.mariodaviterbo.com\/\"},{\"@type\":\"ListItem\",\"position\":2,\"name\":\"Biografia\"}]},{\"@type\":\"WebSite\",\"@id\":\"https:\/\/www.mariodaviterbo.com\/#website\",\"url\":\"https:\/\/www.mariodaviterbo.com\/\",\"name\":\"Mario da Viterbo\",\"description\":\"Mario da Viterbo Art\",\"publisher\":{\"@id\":\"https:\/\/www.mariodaviterbo.com\/#organization\"},\"potentialAction\":[{\"@type\":\"SearchAction\",\"target\":{\"@type\":\"EntryPoint\",\"urlTemplate\":\"https:\/\/www.mariodaviterbo.com\/?s={search_term_string}\"},\"query-input\":{\"@type\":\"PropertyValueSpecification\",\"valueRequired\":true,\"valueName\":\"search_term_string\"}}],\"inLanguage\":\"en-GB\"},{\"@type\":\"Organization\",\"@id\":\"https:\/\/www.mariodaviterbo.com\/#organization\",\"name\":\"Mario da Viterbo\",\"url\":\"https:\/\/www.mariodaviterbo.com\/\",\"logo\":{\"@type\":\"ImageObject\",\"inLanguage\":\"en-GB\",\"@id\":\"https:\/\/www.mariodaviterbo.com\/#\/schema\/logo\/image\/\",\"url\":\"https:\/\/www.mariodaviterbo.com\/wp-content\/uploads\/2026\/01\/mario-logo-art.png\",\"contentUrl\":\"https:\/\/www.mariodaviterbo.com\/wp-content\/uploads\/2026\/01\/mario-logo-art.png\",\"width\":800,\"height\":800,\"caption\":\"Mario da Viterbo\"},\"image\":{\"@id\":\"https:\/\/www.mariodaviterbo.com\/#\/schema\/logo\/image\/\"}}]}<\/script>\n<!-- \/ Yoast SEO plugin. -->","yoast_head_json":{"title":"Biografia - Mario da Viterbo","description":"Conosci l'uomo dietro l'opera. La formazione, la filosofia e l'evoluzione tecnica di Mario da Viterbo, artista attivo nella Tuscia.","robots":{"index":"index","follow":"follow","max-snippet":"max-snippet:-1","max-image-preview":"max-image-preview:large","max-video-preview":"max-video-preview:-1"},"canonical":"https:\/\/www.mariodaviterbo.com\/en\/biografia\/","og_locale":"en_GB","og_type":"article","og_title":"Biografia - Mario da Viterbo","og_description":"Conosci l'uomo dietro l'opera. La formazione, la filosofia e l'evoluzione tecnica di Mario da Viterbo, artista attivo nella Tuscia.","og_url":"https:\/\/www.mariodaviterbo.com\/en\/biografia\/","og_site_name":"Mario da Viterbo","article_modified_time":"2026-04-17T12:27:24+00:00","twitter_card":"summary_large_image","twitter_misc":{"Estimated reading time":"2 minutes"},"schema":{"@context":"https:\/\/schema.org","@graph":[{"@type":"WebPage","@id":"https:\/\/www.mariodaviterbo.com\/biografia\/","url":"https:\/\/www.mariodaviterbo.com\/biografia\/","name":"Biografia - Mario da Viterbo","isPartOf":{"@id":"https:\/\/www.mariodaviterbo.com\/#website"},"datePublished":"2016-01-04T10:15:28+00:00","dateModified":"2026-04-17T12:27:24+00:00","description":"Conosci l'uomo dietro l'opera. La formazione, la filosofia e l'evoluzione tecnica di Mario da Viterbo, artista attivo nella Tuscia.","breadcrumb":{"@id":"https:\/\/www.mariodaviterbo.com\/biografia\/#breadcrumb"},"inLanguage":"en-GB","potentialAction":[{"@type":"ReadAction","target":["https:\/\/www.mariodaviterbo.com\/biografia\/"]}]},{"@type":"BreadcrumbList","@id":"https:\/\/www.mariodaviterbo.com\/biografia\/#breadcrumb","itemListElement":[{"@type":"ListItem","position":1,"name":"Home","item":"https:\/\/www.mariodaviterbo.com\/"},{"@type":"ListItem","position":2,"name":"Biografia"}]},{"@type":"WebSite","@id":"https:\/\/www.mariodaviterbo.com\/#website","url":"https:\/\/www.mariodaviterbo.com\/","name":"Mario da Viterbo","description":"Mario da Viterbo Art","publisher":{"@id":"https:\/\/www.mariodaviterbo.com\/#organization"},"potentialAction":[{"@type":"SearchAction","target":{"@type":"EntryPoint","urlTemplate":"https:\/\/www.mariodaviterbo.com\/?s={search_term_string}"},"query-input":{"@type":"PropertyValueSpecification","valueRequired":true,"valueName":"search_term_string"}}],"inLanguage":"en-GB"},{"@type":"Organization","@id":"https:\/\/www.mariodaviterbo.com\/#organization","name":"Mario da Viterbo","url":"https:\/\/www.mariodaviterbo.com\/","logo":{"@type":"ImageObject","inLanguage":"en-GB","@id":"https:\/\/www.mariodaviterbo.com\/#\/schema\/logo\/image\/","url":"https:\/\/www.mariodaviterbo.com\/wp-content\/uploads\/2026\/01\/mario-logo-art.png","contentUrl":"https:\/\/www.mariodaviterbo.com\/wp-content\/uploads\/2026\/01\/mario-logo-art.png","width":800,"height":800,"caption":"Mario da Viterbo"},"image":{"@id":"https:\/\/www.mariodaviterbo.com\/#\/schema\/logo\/image\/"}}]}},"_links":{"self":[{"href":"https:\/\/www.mariodaviterbo.com\/en\/wp-json\/wp\/v2\/pages\/32","targetHints":{"allow":["GET"]}}],"collection":[{"href":"https:\/\/www.mariodaviterbo.com\/en\/wp-json\/wp\/v2\/pages"}],"about":[{"href":"https:\/\/www.mariodaviterbo.com\/en\/wp-json\/wp\/v2\/types\/page"}],"author":[{"embeddable":true,"href":"https:\/\/www.mariodaviterbo.com\/en\/wp-json\/wp\/v2\/users\/1"}],"replies":[{"embeddable":true,"href":"https:\/\/www.mariodaviterbo.com\/en\/wp-json\/wp\/v2\/comments?post=32"}],"version-history":[{"count":14,"href":"https:\/\/www.mariodaviterbo.com\/en\/wp-json\/wp\/v2\/pages\/32\/revisions"}],"predecessor-version":[{"id":1345,"href":"https:\/\/www.mariodaviterbo.com\/en\/wp-json\/wp\/v2\/pages\/32\/revisions\/1345"}],"wp:attachment":[{"href":"https:\/\/www.mariodaviterbo.com\/en\/wp-json\/wp\/v2\/media?parent=32"}],"curies":[{"name":"wp","href":"https:\/\/api.w.org\/{rel}","templated":true}]}}